{"id":16,"date":"2020-02-03T15:21:11","date_gmt":"2020-02-03T14:21:11","guid":{"rendered":"http:\/\/malkiboutique.com\/inicio\/?page_id=16"},"modified":"2023-06-15T15:26:35","modified_gmt":"2023-06-15T14:26:35","slug":"bienvenido","status":"publish","type":"page","link":"https:\/\/malkiboutique.com\/inicio\/","title":{"rendered":"Bienvenida&#8230; Bienvenido !!"},"content":{"rendered":"<h3>Bienvenidos<\/h3>\n<p><img loading=\"lazy\" decoding=\"async\" src=\"https:\/\/malkiboutique.com\/inicio\/wp-content\/uploads\/2020\/02\/PicsArt_02-12-07.56.50.gif\" alt=\"\" width=\"474\" height=\"1024\"><\/p>\n<p>En la MALKI Boutique de MALKI MEDIA estamos muy felices de tenerte entre nosotros!!<\/p>\n<p>Aqu\u00ed encontrar\u00e1s nuestra propuesta en materia de dise\u00f1os originales de art\u00edculos personales y para el hogar, con motivos incas y cultura&nbsp; latinoamericana.<\/p>\n<p>Visita nuestras variadas boutiques, a las cuales puedes acceder desde el men\u00fa principal de la <a href=\"https:\/\/malkiboutique.com\">malkiboutique.com<\/a><\/p>\n","protected":false},"excerpt":{"rendered":"<p>Bienvenidos En la MALKI Boutique de MALKI MEDIA estamos muy felices de tenerte entre nosotros!! Aqu\u00ed encontrar\u00e1s nuestra propuesta en materia de dise\u00f1os originales de art\u00edculos personales y para el hogar, con motivos incas y cultura&nbsp; latinoamericana. Visita nuestras variadas boutiques, a las cuales puedes acceder desde el men\u00fa principal de la malkiboutique.com<\/p>\n","protected":false},"author":1,"featured_media":0,"parent":0,"menu_order":0,"comment_status":"closed","ping_status":"closed","template":"page-templates\/template-pagebuilder-full-width.php","meta":{"_uag_custom_page_level_css":"","neve_meta_sidebar":"","neve_meta_container":"","neve_meta_enable_content_width":"on","neve_meta_content_width":70,"neve_meta_title_alignment":"","neve_meta_author_avatar":"","neve_post_elements_order":"","neve_meta_disable_header":"off","neve_meta_disable_footer":"on","neve_meta_disable_title":"on","footnotes":""},"class_list":["post-16","page","type-page","status-publish","hentry"],"uagb_featured_image_src":{"full":false,"thumbnail":false,"medium":false,"medium_large":false,"large":false,"1536x1536":false,"2048x2048":false,"neve-blog":false},"uagb_author_info":{"display_name":"Administrator","author_link":"https:\/\/malkiboutique.com\/inicio\/index.php\/author\/administrator\/"},"uagb_comment_info":0,"uagb_excerpt":"Bienvenidos En la MALKI Boutique de MALKI MEDIA estamos muy felices de tenerte entre nosotros!! Aqu\u00ed encontrar\u00e1s nuestra propuesta en materia de dise\u00f1os originales de art\u00edculos personales y para el hogar, con motivos incas y cultura&nbsp; latinoamericana. Visita nuestras variadas boutiques, a las cuales puedes acceder desde el men\u00fa principal de la malkiboutique.com","_links":{"self":[{"href":"https:\/\/malkiboutique.com\/inicio\/index.php\/wp-json\/wp\/v2\/pages\/16","targetHints":{"allow":["GET"]}}],"collection":[{"href":"https:\/\/malkiboutique.com\/inicio\/index.php\/wp-json\/wp\/v2\/pages"}],"about":[{"href":"https:\/\/malkiboutique.com\/inicio\/index.php\/wp-json\/wp\/v2\/types\/page"}],"author":[{"embeddable":true,"href":"https:\/\/malkiboutique.com\/inicio\/index.php\/wp-json\/wp\/v2\/users\/1"}],"replies":[{"embeddable":true,"href":"https:\/\/malkiboutique.com\/inicio\/index.php\/wp-json\/wp\/v2\/comments?post=16"}],"version-history":[{"count":85,"href":"https:\/\/malkiboutique.com\/inicio\/index.php\/wp-json\/wp\/v2\/pages\/16\/revisions"}],"predecessor-version":[{"id":299,"href":"https:\/\/malkiboutique.com\/inicio\/index.php\/wp-json\/wp\/v2\/pages\/16\/revisions\/299"}],"wp:attachment":[{"href":"https:\/\/malkiboutique.com\/inicio\/index.php\/wp-json\/wp\/v2\/media?parent=16"}],"curies":[{"name":"wp","href":"https:\/\/api.w.org\/{rel}","templated":true}]}}