{"id":286,"date":"2023-06-15T14:01:34","date_gmt":"2023-06-15T13:01:34","guid":{"rendered":"https:\/\/malkiboutique.com\/inicio\/?page_id=286"},"modified":"2023-06-15T14:01:35","modified_gmt":"2023-06-15T13:01:35","slug":"normas-de-la-comunidad","status":"publish","type":"page","link":"https:\/\/malkiboutique.com\/inicio\/index.php\/normas-de-la-comunidad\/","title":{"rendered":"Normas de la Comunidad"},"content":{"rendered":"\n<p><strong>Impulsar los est\u00e1ndares de la comunidad, las pautas de participaci\u00f3n y los objetivos de moderaci\u00f3n.<\/strong><\/p>\n\n\n\n<p><strong>Directrices de la comunidad de comentaristas<\/strong><\/p>\n\n\n\n<p>MALKI MEDIA da la bienvenida a la discusi\u00f3n y los diferentes puntos de vista, pero lo m\u00e1s importante es que valoramos la correspondencia respetuosa y constructiva con otros lectores y nuestros periodistas.<\/p>\n\n\n\n<p>Tenemos tolerancia cero para los comentarios que creemos que podr\u00edan considerarse inapropiados o insultantes, exhibir un comportamiento similar al de un trol o tener ramificaciones legales.<\/p>\n\n\n\n<p>Los comentaristas pueden marcar comentarios potencialmente inapropiados para su revisi\u00f3n, por preocupaci\u00f3n por otros o debido a una ofensa personal.<\/p>\n\n\n\n<p>Puede marcar inquietudes a trav\u00e9s del men\u00fa junto a un comentario potencialmente ofensivo, o enviarnos un correo electr\u00f3nico a trav\u00e9s de nuestra p\u00e1gina de contacto.<\/p>\n\n\n\n<p>\u2003<\/p>\n\n\n\n<p><strong>C\u00f3mo comentar:<\/strong><\/p>\n\n\n\n<p>Nuestros comentarios se ejecutan en la plataforma de terceros Disqus, que requiere que los usuarios configuren una cuenta.<\/p>\n\n\n\n<p>Puede registrar un perfil de Disqus directamente con Disqus o con sus cuentas de Facebook, Twitter o Google.<\/p>\n\n\n\n<p>A diferencia de las primeras pol\u00edticas de Facebook y Google, Disqus no requiere que uses tu nombre real.<\/p>\n\n\n\n<p>Sin embargo, preferimos que los comentaristas usen su nombre real porque es m\u00e1s probable que se comporten de manera m\u00e1s madura, en lugar de soltarse mientras se esconden detr\u00e1s de un seud\u00f3nimo.<\/p>\n\n\n\n<p>Nuestros periodistas ponen su nombre en su copia, creemos que es justo que los comentaristas hagan lo mismo, pero entendemos que muchos usuarios tienen cuentas existentes que usan seud\u00f3nimos.<\/p>\n\n\n\n<p><strong>Manteng\u00e1moslo amigable:<\/strong><\/p>\n\n\n\n<p>Te hemos invitado a nuestro lugar de trabajo, para estar entre un grupo de personas a las que les gusta hablar sobre m\u00fasica, folklore y cultura inca y latinoamericana.<\/p>\n\n\n\n<p>Esperamos que nuestros foros de comentarios nos ayuden a nosotros y a otros a ampliar nuestro conocimiento, comprensi\u00f3n y pasi\u00f3n por nuestras expresiones culturales y las reglas que los gobiernan.<\/p>\n\n\n\n<p>La discusi\u00f3n y el debate son bienvenidos, pero los comentarios que incluyen ataques personales a otro lector o periodista no son aceptables.<\/p>\n\n\n\n<p>Si bien apreciamos que habr\u00e1, a veces, diferentes puntos de vista, nos reservamos el derecho de advertir a los comentaristas abiertamente, eliminar, editar o modificar un hilo que infrinja nuestras pautas y suspender o prohibir a los infractores reincidentes.<\/p>\n\n\n\n<p>Adem\u00e1s, no toleraremos el racismo, el sexismo, la homofobia u otras formas de discurso de odio, o contribuciones que puedan interpretarse como tales.<\/p>\n\n\n\n<p><strong>Claridad e intenci\u00f3n:<\/strong><\/p>\n\n\n\n<p>El tono de la palabra escrita no siempre es obvio, as\u00ed que detente y pi\u00e9nsalo dos veces antes de publicar tu comentario.<\/p>\n\n\n\n<p>Los \u00abgritos\u00bb (letras, palabras u oraciones en may\u00fasculas) y el uso de emojis, otros s\u00edmbolos y lenguaje inapropiado est\u00e1n mal vistos porque est\u00e1n dise\u00f1ados para hacer que un comentario se destaque de los dem\u00e1s.<\/p>\n\n\n\n<p>El uso de estas y otras t\u00e9cnicas similares podr\u00eda llevar a que el comentario sea eliminado, editado o modificado a discreci\u00f3n de nuestro equipo de moderaci\u00f3n. Los infractores reincidentes pueden enfrentar una suspensi\u00f3n o una prohibici\u00f3n permanente.<\/p>\n\n\n\n<p>\u2003<strong><br><\/strong><\/p>\n\n\n\n<p><strong>Im\u00e1genes de usuario (avatares):<\/strong><\/p>\n\n\n\n<p>Las im\u00e1genes desagradables en los perfiles de fotos o im\u00e1genes de los usuarios de Disqus (tambi\u00e9n conocidas como avatar) est\u00e1n prohibidas en MALKI MEDIA.<\/p>\n\n\n\n<p>Los ejemplos de contenido prohibido incluyen im\u00e1genes sexualmente expl\u00edcitas, sugestivas o reveladoras; representaciones de violencia o sangre; im\u00e1genes crudas; la celebraci\u00f3n o representaci\u00f3n de delincuentes o actividades delictivas; propaganda.<\/p>\n\n\n\n<p><strong>Perfiles de respaldo:<\/strong><\/p>\n\n\n\n<p>Se les pide a los comentaristas que mantengan un solo perfil, y nuestros moderadores marcan las direcciones IP de los infractores reincidentes.<\/p>\n\n\n\n<p>Los infractores reincidentes con varias cuentas ser\u00e1n expulsados de nuestra secci\u00f3n de comentarios.<\/p>\n\n\n\n<p><strong>Enlaces:<\/strong><\/p>\n\n\n\n<p>Los enlaces a todos los sitios web se han desactivado para proteger nuestro sitio y a los visitantes contra el spam y el malware.<\/p>\n\n\n\n<p>Se permiten enlaces a otras historias de MALKI MEDIA, sin embargo, los comentarios que incluyan dichos enlaces se retendr\u00e1n inicialmente en espera de una revisi\u00f3n antes de ser publicados.<\/p>\n\n\n\n<p><strong>\u00bfQui\u00e9n modera MALKI MEDIA?<\/strong><\/p>\n\n\n\n<p>El monitoreo y la moderaci\u00f3n de la discusi\u00f3n en la secci\u00f3n de comentarios de MALKI MEDIA son realizados por nuestro equipo editorial y un equipo moderador dedicado.<\/p>\n\n\n\n<p><strong><em>Nota a pie de p\u00e1gina:<\/em><\/strong> Estas directrices pueden ser revisadas o actualizadas en cualquier momento, sin previo aviso.<\/p>\n","protected":false},"excerpt":{"rendered":"<p>Impulsar los est\u00e1ndares de la comunidad, las pautas de participaci\u00f3n y los objetivos de moderaci\u00f3n. Directrices de la comunidad de comentaristas MALKI MEDIA da la bienvenida a la discusi\u00f3n y los diferentes puntos de vista, pero lo m\u00e1s importante es que valoramos la correspondencia respetuosa y constructiva con otros lectores y nuestros periodistas. Tenemos tolerancia&hellip;&nbsp;<\/p>\n","protected":false},"author":1,"featured_media":0,"parent":0,"menu_order":0,"comment_status":"closed","ping_status":"closed","template":"","meta":{"_uag_custom_page_level_css":"","neve_meta_sidebar":"","neve_meta_container":"","neve_meta_enable_content_width":"","neve_meta_content_width":0,"neve_meta_title_alignment":"","neve_meta_author_avatar":"","neve_post_elements_order":"","neve_meta_disable_header":"","neve_meta_disable_footer":"","neve_meta_disable_title":"","footnotes":""},"class_list":["post-286","page","type-page","status-publish","hentry"],"uagb_featured_image_src":{"full":false,"thumbnail":false,"medium":false,"medium_large":false,"large":false,"1536x1536":false,"2048x2048":false,"neve-blog":false},"uagb_author_info":{"display_name":"Administrator","author_link":"https:\/\/malkiboutique.com\/inicio\/index.php\/author\/administrator\/"},"uagb_comment_info":0,"uagb_excerpt":"Impulsar los est\u00e1ndares de la comunidad, las pautas de participaci\u00f3n y los objetivos de moderaci\u00f3n. Directrices de la comunidad de comentaristas MALKI MEDIA da la bienvenida a la discusi\u00f3n y los diferentes puntos de vista, pero lo m\u00e1s importante es que valoramos la correspondencia respetuosa y constructiva con otros lectores y nuestros periodistas. Tenemos tolerancia&hellip;&nbsp;","_links":{"self":[{"href":"https:\/\/malkiboutique.com\/inicio\/index.php\/wp-json\/wp\/v2\/pages\/286","targetHints":{"allow":["GET"]}}],"collection":[{"href":"https:\/\/malkiboutique.com\/inicio\/index.php\/wp-json\/wp\/v2\/pages"}],"about":[{"href":"https:\/\/malkiboutique.com\/inicio\/index.php\/wp-json\/wp\/v2\/types\/page"}],"author":[{"embeddable":true,"href":"https:\/\/malkiboutique.com\/inicio\/index.php\/wp-json\/wp\/v2\/users\/1"}],"replies":[{"embeddable":true,"href":"https:\/\/malkiboutique.com\/inicio\/index.php\/wp-json\/wp\/v2\/comments?post=286"}],"version-history":[{"count":2,"href":"https:\/\/malkiboutique.com\/inicio\/index.php\/wp-json\/wp\/v2\/pages\/286\/revisions"}],"predecessor-version":[{"id":288,"href":"https:\/\/malkiboutique.com\/inicio\/index.php\/wp-json\/wp\/v2\/pages\/286\/revisions\/288"}],"wp:attachment":[{"href":"https:\/\/malkiboutique.com\/inicio\/index.php\/wp-json\/wp\/v2\/media?parent=286"}],"curies":[{"name":"wp","href":"https:\/\/api.w.org\/{rel}","templated":true}]}}